{"id":9516,"date":"2026-02-04T17:11:37","date_gmt":"2026-02-04T16:11:37","guid":{"rendered":"https:\/\/www.loop4live.com\/product\/loop4live-display-device-pro\/"},"modified":"2026-02-14T11:02:07","modified_gmt":"2026-02-14T10:02:07","slug":"loop4live-display-device-pro","status":"publish","type":"product","link":"https:\/\/www.loop4live.com\/fr\/produit\/loop4live-display-device-pro\/","title":{"rendered":"Loop4Live Display Device &#8211; Pro"},"content":{"rendered":"<div id=\"m4l_display_product\" style=\"background-color: #f5f5f5; text-align: center;\">\n<div id=\"m4l_display_product_row0\">\n<div id=\"m4l_display_product_cell1_1\" style=\"padding:1%\">\n<h2 style=\"color: black; margin:auto;\">Ce plugin vous permet d&rsquo;utiliser vos mains en plus de vos pieds pour g\u00e9rer votre setlist !<\/h2>\n<\/p><\/div>\n<\/p><\/div>\n<div id=\"m4l_display_product_row1\" style=\"background-color: #f5f5f5; text-align: center;\">\n        <img decoding=\"async\" class=\"aligncenter\" src=\"https:\/\/www.loop4live.com\/wp-content\/uploads\/2026\/02\/loop4live_display.png\" alt=\"\"\n            width=\"1080\" \/>\n    <\/div>\n<div id=\"m4l_display_product_row2\" style=\"display: flex; align-items: center; justify-content: center;\">\n<div id=\"m4l_display_product_cell2_1\" style=\"max-width:50%\">\n<p style=\"text-align: left;\"><strong>La navigation rapide au sein des sc\u00e8nes sera beaucoup plus plaisante<\/strong>, plus besoin d&rsquo;appuyer un grand nombre de fois sur le p\u00e9dalier pour atteindre la bonne sc\u00e8ne. <\/p>\n<p>La version pro de ce plugin permet en effet de parcourir les sc\u00e8nes et les clips de plusieurs fa\u00e7ons :<br \/>\n&#8211; via l&rsquo;acc\u00e8s rapide sur l&rsquo;\u00e9cran principal.<br \/>\n&#8211; via un navigateur de sc\u00e8ne pour trouver la bonne sc\u00e8ne en quelques clics.<br \/>\n&#8211; via la barre de clip pour se d\u00e9placer horizontalement dans la grille de clip d&rsquo;Ableton.<\/p>\n<p style=\"text-align: left;\">La version libre offre de nombreuses fonctionnalit\u00e9s mais ne dispose pas de la navigation accrue dans les sc\u00e8nes et les clips. <\/p>\n<\/p><\/div>\n<div id=\"m4l_display_product_cell2_2\" style=\"max-width:50%\">\n            <img decoding=\"async\" class=\"aligncenter\" src=\"https:\/\/www.loop4live.com\/wp-content\/uploads\/2026\/02\/loop4live_display_v2_scenes.png\" alt=\"\"\n            width=\"600\" \/>\n        <\/div>\n<\/p><\/div>\n<div id=\"m4l_display_product_row3\"  style=\"display: flex; align-items: center; justify-content: center;\">\n<div id=\"m4l_display_product_cell3_1\" style=\"max-width:50%\">\n            <img decoding=\"async\" class=\" aligncenter\" src=\"https:\/\/www.loop4live.com\/wp-content\/uploads\/2026\/02\/max_for_live_device4-scaled.jpg\"\n        alt=\"\" width=\"700\" \/>\n        <\/div>\n<div id=\"m4l_display_product_cell3_2\" style=\"max-width:50%\">\n<p style=\"text-align: left;\"><strong>La synchronisation du dispositif et du p\u00e9dalier Loop4Live est maximale<\/strong> : Les actions r\u00e9alis\u00e9es via le plugin se r\u00e9percute sur le p\u00e9dalier et inversement.<br \/>\nLes clips et sc\u00e8nes actuellement s\u00e9lectionn\u00e9s changent mutuellement ainsi que toutes les actions entreprises d&rsquo;un c\u00f4t\u00e9 comme de l&rsquo;autre.<\/p>\n<p style=\"text-align: left;\">Ce dispositif se place sur une tablette (non incluse) comme affichage secondaire de votre ordinateur. La tablette sera connect\u00e9e en wifi ce qui permettra de l&rsquo;amener avec vous sur sc\u00e8ne, loin de l&rsquo;ordinateur.<\/p>\n<\/p><\/div>\n<\/p><\/div>\n<div id=\"m4l_display_product_row4\">\n<div id=\"m4l_display_product_cell4_1\">\n<p style=\"text-align: left;\">Pour pouvoir utiliser ce plugin, il faut soit avoir la version Suite d&rsquo;Ableton Live (qui dispose nativement du logiciel Max for Live), soit obtenir une licence Max for Live disponible \u00e0 <a\n                    href=\"https:\/\/cycling74.com\/products\/maxforlive\" target=\"_blank\"\n                    rel=\"noopener\">https:\/\/cycling74.com\/products\/maxforlive<\/a>.<\/p>\n<p style=\"text-align: left;\">La version libre du plugin d&rsquo;affichage est disponible \u00e0 l&rsquo;adresse <a  class='l4l_link_main_page'    href='https:\/\/www.loop4live.com\/fr\/?wpdmdl=6517'>https:\/\/www.loop4live.com\/download\/loop4live-max-display-device<\/a><\/p>\n<\/p><\/div>\n<\/p><\/div>\n<\/div>\n<div id=\"m4l_display_product_row5\" style=\"display: flex; align-items: center; justify-content: center;\">\n<div id=\"m4l_display_product_cell4_1\">\n<p style=\"text-align: left; padding: 0 0% 0 0%;\"><strong>Le plugin d&rsquo;affichage secondaire se pr\u00e9sente comme suit :<\/strong><\/p>\n<\/p><\/div>\n<\/p><\/div>\n<div id=\"m4l_display_product_row6\">\n    <img loading=\"lazy\" decoding=\"async\" class=\" aligncenter\" src=\"https:\/\/www.loop4live.com\/wp-content\/uploads\/2026\/02\/loop4live_display_export-1.png\"\n        alt=\"\" width=\"1296\" height=\"706\" \/>\n<\/div>\n","protected":false},"excerpt":{"rendered":"<h2>Loop4Live Display Device<\/h2>\n<p>Utilisez une tablette avec votre p\u00e9dale Loop4Live pour mieux visualiser votre setlist. Elle affiche les noms des sc\u00e8nes et des clips en grand format avec de nombreux \u00e9l\u00e9ments interactifs tels que le d\u00e9marrage\/l&rsquo;arr\u00eat des sc\u00e8nes, le d\u00e9marrage\/l&rsquo;arr\u00eat\/l&rsquo;enregistrement des clips, les modifications de la dur\u00e9e d&rsquo;enregistrement, un navigateur de sc\u00e8nes, et bien plus encore !<\/p>\n","protected":false},"featured_media":9434,"comment_status":"open","ping_status":"closed","template":"","meta":{"ocean_post_layout":"","ocean_both_sidebars_style":"","ocean_both_sidebars_content_width":0,"ocean_both_sidebars_sidebars_width":0,"ocean_sidebar":"0","ocean_second_sidebar":"0","ocean_disable_margins":"enable","ocean_add_body_class":"","ocean_shortcode_before_top_bar":"","ocean_shortcode_after_top_bar":"","ocean_shortcode_before_header":"","ocean_shortcode_after_header":"","ocean_has_shortcode":"","ocean_shortcode_after_title":"","ocean_shortcode_before_footer_widgets":"","ocean_shortcode_after_footer_widgets":"","ocean_shortcode_before_footer_bottom":"","ocean_shortcode_after_footer_bottom":"","ocean_display_top_bar":"default","ocean_display_header":"default","ocean_header_style":"","ocean_center_header_left_menu":"0","ocean_custom_header_template":"0","ocean_custom_logo":0,"ocean_custom_retina_logo":0,"ocean_custom_logo_max_width":0,"ocean_custom_logo_tablet_max_width":0,"ocean_custom_logo_mobile_max_width":0,"ocean_custom_logo_max_height":0,"ocean_custom_logo_tablet_max_height":0,"ocean_custom_logo_mobile_max_height":0,"ocean_header_custom_menu":"0","ocean_menu_typo_font_family":"0","ocean_menu_typo_font_subset":"","ocean_menu_typo_font_size":0,"ocean_menu_typo_font_size_tablet":0,"ocean_menu_typo_font_size_mobile":0,"ocean_menu_typo_font_size_unit":"px","ocean_menu_typo_font_weight":"","ocean_menu_typo_font_weight_tablet":"","ocean_menu_typo_font_weight_mobile":"","ocean_menu_typo_transform":"","ocean_menu_typo_transform_tablet":"","ocean_menu_typo_transform_mobile":"","ocean_menu_typo_line_height":0,"ocean_menu_typo_line_height_tablet":0,"ocean_menu_typo_line_height_mobile":0,"ocean_menu_typo_line_height_unit":"","ocean_menu_typo_spacing":0,"ocean_menu_typo_spacing_tablet":0,"ocean_menu_typo_spacing_mobile":0,"ocean_menu_typo_spacing_unit":"","ocean_menu_link_color":"","ocean_menu_link_color_hover":"","ocean_menu_link_color_active":"","ocean_menu_link_background":"","ocean_menu_link_hover_background":"","ocean_menu_link_active_background":"","ocean_menu_social_links_bg":"","ocean_menu_social_hover_links_bg":"","ocean_menu_social_links_color":"","ocean_menu_social_hover_links_color":"","ocean_disable_title":"default","ocean_disable_heading":"default","ocean_post_title":"","ocean_post_subheading":"","ocean_post_title_style":"","ocean_post_title_background_color":"","ocean_post_title_background":0,"ocean_post_title_bg_image_position":"","ocean_post_title_bg_image_attachment":"","ocean_post_title_bg_image_repeat":"","ocean_post_title_bg_image_size":"","ocean_post_title_height":0,"ocean_post_title_bg_overlay":0.5,"ocean_post_title_bg_overlay_color":"","ocean_disable_breadcrumbs":"default","ocean_breadcrumbs_color":"","ocean_breadcrumbs_separator_color":"","ocean_breadcrumbs_links_color":"","ocean_breadcrumbs_links_hover_color":"","ocean_display_footer_widgets":"default","ocean_display_footer_bottom":"default","ocean_custom_footer_template":"0"},"product_brand":[],"product_cat":[82],"product_tag":[],"class_list":{"0":"post-9516","1":"product","2":"type-product","3":"status-publish","4":"has-post-thumbnail","6":"product_cat-plugin","8":"entry","9":"has-media","11":"first","12":"instock","13":"downloadable","14":"virtual","15":"sold-individually","16":"purchasable","17":"product-type-simple","18":"has-product-nav","19":"col","20":"span_1_of_3","21":"owp-content-center","22":"owp-thumbs-layout-horizontal","23":"owp-btn-normal","24":"owp-tabs-layout-horizontal"},"yoast_head":"<!-- This site is optimized with the Yoast SEO plugin v27.6 - https:\/\/yoast.com\/product\/yoast-seo-wordpress\/ -->\n<title>Loop4Live Display Device - Pro - Loop4Live<\/title>\n<meta name=\"robots\" content=\"index, follow, max-snippet:-1, max-image-preview:large, max-video-preview:-1\" \/>\n<meta property=\"og:locale\" content=\"fr_FR\" \/>\n<meta property=\"og:type\" content=\"article\" \/>\n<meta property=\"og:title\" content=\"Loop4Live Display Device - Pro - Loop4Live\" \/>\n<meta property=\"og:description\" content=\"Loop4Live Display Device Utilisez une tablette avec votre p\u00e9dale Loop4Live pour mieux visualiser votre setlist. Elle affiche les noms des sc\u00e8nes et des clips en grand format avec de nombreux \u00e9l\u00e9ments interactifs tels que le d\u00e9marrage\/l&#039;arr\u00eat des sc\u00e8nes, le d\u00e9marrage\/l&#039;arr\u00eat\/l&#039;enregistrement des clips, les modifications de la dur\u00e9e d&#039;enregistrement, un navigateur de sc\u00e8nes, et bien plus encore !\" \/>\n<meta property=\"og:url\" content=\"https:\/\/www.loop4live.com\/fr\/produit\/loop4live-display-device-pro\/\" \/>\n<meta property=\"og:site_name\" content=\"Loop4Live\" \/>\n<meta property=\"article:publisher\" content=\"https:\/\/www.facebook.com\/Loop4live-101444891316828\" \/>\n<meta property=\"article:modified_time\" content=\"2026-02-14T10:02:07+00:00\" \/>\n<meta property=\"og:image\" content=\"https:\/\/www.loop4live.com\/wp-content\/uploads\/2026\/02\/max_display_device-2.webp\" \/>\n\t<meta property=\"og:image:width\" content=\"2233\" \/>\n\t<meta property=\"og:image:height\" content=\"1675\" \/>\n\t<meta property=\"og:image:type\" content=\"image\/webp\" \/>\n<meta name=\"twitter:card\" content=\"summary_large_image\" \/>\n<meta name=\"twitter:label1\" content=\"Dur\u00e9e de lecture estim\u00e9e\" \/>\n\t<meta name=\"twitter:data1\" content=\"3 minutes\" \/>\n<script type=\"application\/ld+json\" class=\"yoast-schema-graph\">{\"@context\":\"https:\\\/\\\/schema.org\",\"@graph\":[{\"@type\":\"WebPage\",\"@id\":\"https:\\\/\\\/www.loop4live.com\\\/fr\\\/produit\\\/loop4live-display-device-pro\\\/\",\"url\":\"https:\\\/\\\/www.loop4live.com\\\/fr\\\/produit\\\/loop4live-display-device-pro\\\/\",\"name\":\"Loop4Live Display Device - Pro - Loop4Live\",\"isPartOf\":{\"@id\":\"https:\\\/\\\/www.loop4live.com\\\/fr\\\/#website\"},\"primaryImageOfPage\":{\"@id\":\"https:\\\/\\\/www.loop4live.com\\\/fr\\\/produit\\\/loop4live-display-device-pro\\\/#primaryimage\"},\"image\":{\"@id\":\"https:\\\/\\\/www.loop4live.com\\\/fr\\\/produit\\\/loop4live-display-device-pro\\\/#primaryimage\"},\"thumbnailUrl\":\"https:\\\/\\\/www.loop4live.com\\\/wp-content\\\/uploads\\\/2026\\\/02\\\/max_display_device-2.webp\",\"datePublished\":\"2026-02-04T16:11:37+00:00\",\"dateModified\":\"2026-02-14T10:02:07+00:00\",\"breadcrumb\":{\"@id\":\"https:\\\/\\\/www.loop4live.com\\\/fr\\\/produit\\\/loop4live-display-device-pro\\\/#breadcrumb\"},\"inLanguage\":\"fr-FR\",\"potentialAction\":[{\"@type\":\"ReadAction\",\"target\":[\"https:\\\/\\\/www.loop4live.com\\\/fr\\\/produit\\\/loop4live-display-device-pro\\\/\"]}]},{\"@type\":\"ImageObject\",\"inLanguage\":\"fr-FR\",\"@id\":\"https:\\\/\\\/www.loop4live.com\\\/fr\\\/produit\\\/loop4live-display-device-pro\\\/#primaryimage\",\"url\":\"https:\\\/\\\/www.loop4live.com\\\/wp-content\\\/uploads\\\/2026\\\/02\\\/max_display_device-2.webp\",\"contentUrl\":\"https:\\\/\\\/www.loop4live.com\\\/wp-content\\\/uploads\\\/2026\\\/02\\\/max_display_device-2.webp\",\"width\":2233,\"height\":1675},{\"@type\":\"BreadcrumbList\",\"@id\":\"https:\\\/\\\/www.loop4live.com\\\/fr\\\/produit\\\/loop4live-display-device-pro\\\/#breadcrumb\",\"itemListElement\":[{\"@type\":\"ListItem\",\"position\":1,\"name\":\"Home\",\"item\":\"https:\\\/\\\/www.loop4live.com\\\/fr\\\/\"},{\"@type\":\"ListItem\",\"position\":2,\"name\":\"Boutique\",\"item\":\"https:\\\/\\\/www.loop4live.com\\\/fr\\\/boutique\\\/\"},{\"@type\":\"ListItem\",\"position\":3,\"name\":\"Loop4Live Display Device &#8211; Pro\"}]},{\"@type\":\"WebSite\",\"@id\":\"https:\\\/\\\/www.loop4live.com\\\/fr\\\/#website\",\"url\":\"https:\\\/\\\/www.loop4live.com\\\/fr\\\/\",\"name\":\"Loop4Live\",\"description\":\"Ableton Live foot controller\",\"publisher\":{\"@id\":\"https:\\\/\\\/www.loop4live.com\\\/fr\\\/#organization\"},\"potentialAction\":[{\"@type\":\"SearchAction\",\"target\":{\"@type\":\"EntryPoint\",\"urlTemplate\":\"https:\\\/\\\/www.loop4live.com\\\/fr\\\/?s={search_term_string}\"},\"query-input\":{\"@type\":\"PropertyValueSpecification\",\"valueRequired\":true,\"valueName\":\"search_term_string\"}}],\"inLanguage\":\"fr-FR\"},{\"@type\":\"Organization\",\"@id\":\"https:\\\/\\\/www.loop4live.com\\\/fr\\\/#organization\",\"name\":\"Loop4Live\",\"url\":\"https:\\\/\\\/www.loop4live.com\\\/fr\\\/\",\"logo\":{\"@type\":\"ImageObject\",\"inLanguage\":\"fr-FR\",\"@id\":\"https:\\\/\\\/www.loop4live.com\\\/fr\\\/#\\\/schema\\\/logo\\\/image\\\/\",\"url\":\"https:\\\/\\\/www.loop4live.com\\\/wp-content\\\/uploads\\\/2020\\\/04\\\/LOOP4live_logo_1080p.png\",\"contentUrl\":\"https:\\\/\\\/www.loop4live.com\\\/wp-content\\\/uploads\\\/2020\\\/04\\\/LOOP4live_logo_1080p.png\",\"width\":1072,\"height\":419,\"caption\":\"Loop4Live\"},\"image\":{\"@id\":\"https:\\\/\\\/www.loop4live.com\\\/fr\\\/#\\\/schema\\\/logo\\\/image\\\/\"},\"sameAs\":[\"https:\\\/\\\/www.facebook.com\\\/Loop4live-101444891316828\",\"https:\\\/\\\/www.youtube.com\\\/channel\\\/UCyOGPjEe4G_PM1z74w4PSdw\"]}]}<\/script>\n<!-- \/ Yoast SEO plugin. -->","yoast_head_json":{"title":"Loop4Live Display Device - Pro - Loop4Live","robots":{"index":"index","follow":"follow","max-snippet":"max-snippet:-1","max-image-preview":"max-image-preview:large","max-video-preview":"max-video-preview:-1"},"og_locale":"fr_FR","og_type":"article","og_title":"Loop4Live Display Device - Pro - Loop4Live","og_description":"Loop4Live Display Device Utilisez une tablette avec votre p\u00e9dale Loop4Live pour mieux visualiser votre setlist. Elle affiche les noms des sc\u00e8nes et des clips en grand format avec de nombreux \u00e9l\u00e9ments interactifs tels que le d\u00e9marrage\/l'arr\u00eat des sc\u00e8nes, le d\u00e9marrage\/l'arr\u00eat\/l'enregistrement des clips, les modifications de la dur\u00e9e d'enregistrement, un navigateur de sc\u00e8nes, et bien plus encore !","og_url":"https:\/\/www.loop4live.com\/fr\/produit\/loop4live-display-device-pro\/","og_site_name":"Loop4Live","article_publisher":"https:\/\/www.facebook.com\/Loop4live-101444891316828","article_modified_time":"2026-02-14T10:02:07+00:00","og_image":[{"width":2233,"height":1675,"url":"https:\/\/www.loop4live.com\/wp-content\/uploads\/2026\/02\/max_display_device-2.webp","type":"image\/webp"}],"twitter_card":"summary_large_image","twitter_misc":{"Dur\u00e9e de lecture estim\u00e9e":"3 minutes"},"schema":{"@context":"https:\/\/schema.org","@graph":[{"@type":"WebPage","@id":"https:\/\/www.loop4live.com\/fr\/produit\/loop4live-display-device-pro\/","url":"https:\/\/www.loop4live.com\/fr\/produit\/loop4live-display-device-pro\/","name":"Loop4Live Display Device - Pro - Loop4Live","isPartOf":{"@id":"https:\/\/www.loop4live.com\/fr\/#website"},"primaryImageOfPage":{"@id":"https:\/\/www.loop4live.com\/fr\/produit\/loop4live-display-device-pro\/#primaryimage"},"image":{"@id":"https:\/\/www.loop4live.com\/fr\/produit\/loop4live-display-device-pro\/#primaryimage"},"thumbnailUrl":"https:\/\/www.loop4live.com\/wp-content\/uploads\/2026\/02\/max_display_device-2.webp","datePublished":"2026-02-04T16:11:37+00:00","dateModified":"2026-02-14T10:02:07+00:00","breadcrumb":{"@id":"https:\/\/www.loop4live.com\/fr\/produit\/loop4live-display-device-pro\/#breadcrumb"},"inLanguage":"fr-FR","potentialAction":[{"@type":"ReadAction","target":["https:\/\/www.loop4live.com\/fr\/produit\/loop4live-display-device-pro\/"]}]},{"@type":"ImageObject","inLanguage":"fr-FR","@id":"https:\/\/www.loop4live.com\/fr\/produit\/loop4live-display-device-pro\/#primaryimage","url":"https:\/\/www.loop4live.com\/wp-content\/uploads\/2026\/02\/max_display_device-2.webp","contentUrl":"https:\/\/www.loop4live.com\/wp-content\/uploads\/2026\/02\/max_display_device-2.webp","width":2233,"height":1675},{"@type":"BreadcrumbList","@id":"https:\/\/www.loop4live.com\/fr\/produit\/loop4live-display-device-pro\/#breadcrumb","itemListElement":[{"@type":"ListItem","position":1,"name":"Home","item":"https:\/\/www.loop4live.com\/fr\/"},{"@type":"ListItem","position":2,"name":"Boutique","item":"https:\/\/www.loop4live.com\/fr\/boutique\/"},{"@type":"ListItem","position":3,"name":"Loop4Live Display Device &#8211; Pro"}]},{"@type":"WebSite","@id":"https:\/\/www.loop4live.com\/fr\/#website","url":"https:\/\/www.loop4live.com\/fr\/","name":"Loop4Live","description":"Ableton Live foot controller","publisher":{"@id":"https:\/\/www.loop4live.com\/fr\/#organization"},"potentialAction":[{"@type":"SearchAction","target":{"@type":"EntryPoint","urlTemplate":"https:\/\/www.loop4live.com\/fr\/?s={search_term_string}"},"query-input":{"@type":"PropertyValueSpecification","valueRequired":true,"valueName":"search_term_string"}}],"inLanguage":"fr-FR"},{"@type":"Organization","@id":"https:\/\/www.loop4live.com\/fr\/#organization","name":"Loop4Live","url":"https:\/\/www.loop4live.com\/fr\/","logo":{"@type":"ImageObject","inLanguage":"fr-FR","@id":"https:\/\/www.loop4live.com\/fr\/#\/schema\/logo\/image\/","url":"https:\/\/www.loop4live.com\/wp-content\/uploads\/2020\/04\/LOOP4live_logo_1080p.png","contentUrl":"https:\/\/www.loop4live.com\/wp-content\/uploads\/2020\/04\/LOOP4live_logo_1080p.png","width":1072,"height":419,"caption":"Loop4Live"},"image":{"@id":"https:\/\/www.loop4live.com\/fr\/#\/schema\/logo\/image\/"},"sameAs":["https:\/\/www.facebook.com\/Loop4live-101444891316828","https:\/\/www.youtube.com\/channel\/UCyOGPjEe4G_PM1z74w4PSdw"]}]}},"_links":{"self":[{"href":"https:\/\/www.loop4live.com\/fr\/wp-json\/wp\/v2\/product\/9516","targetHints":{"allow":["GET"]}}],"collection":[{"href":"https:\/\/www.loop4live.com\/fr\/wp-json\/wp\/v2\/product"}],"about":[{"href":"https:\/\/www.loop4live.com\/fr\/wp-json\/wp\/v2\/types\/product"}],"replies":[{"embeddable":true,"href":"https:\/\/www.loop4live.com\/fr\/wp-json\/wp\/v2\/comments?post=9516"}],"wp:featuredmedia":[{"embeddable":true,"href":"https:\/\/www.loop4live.com\/fr\/wp-json\/wp\/v2\/media\/9434"}],"wp:attachment":[{"href":"https:\/\/www.loop4live.com\/fr\/wp-json\/wp\/v2\/media?parent=9516"}],"wp:term":[{"taxonomy":"product_brand","embeddable":true,"href":"https:\/\/www.loop4live.com\/fr\/wp-json\/wp\/v2\/product_brand?post=9516"},{"taxonomy":"product_cat","embeddable":true,"href":"https:\/\/www.loop4live.com\/fr\/wp-json\/wp\/v2\/product_cat?post=9516"},{"taxonomy":"product_tag","embeddable":true,"href":"https:\/\/www.loop4live.com\/fr\/wp-json\/wp\/v2\/product_tag?post=9516"}],"curies":[{"name":"wp","href":"https:\/\/api.w.org\/{rel}","templated":true}]}}