{"id":2757,"date":"2020-03-31T16:02:08","date_gmt":"2020-03-31T16:02:08","guid":{"rendered":"https:\/\/www.loop4live.com\/?page_id=2757"},"modified":"2021-02-14T21:56:13","modified_gmt":"2021-02-14T20:56:13","slug":"mentions-legales","status":"publish","type":"page","link":"https:\/\/www.loop4live.com\/fr\/mentions-legales\/","title":{"rendered":"Mentions l\u00e9gales"},"content":{"rendered":"<div class=\"l4l_padding_center\">\n<p>Loop4Live, microentreprise au capital de 1000<span style=\"font-family: 'Arial';\">\u20ac<\/span>.<\/p>\n<p>SIREN : 882 769 524 RM35<\/p>\n<p>Si\u00e8ge social : 51 rue des arch\u00e9ologues ; 35410 CHATEAUGIRON<\/p>\n<p>Atelier de fabrication : 51 rue des arch\u00e9ologues ; 35410 CHATEAUGIRON<\/p>\n<p>Email : contact@loop4live.com<\/p>\n<p>H\u00e9bergeur du site : <span class=\"aCOpRe\"><em>Hostinger<\/em> International Ltd. 61 Lordou Vironos Street 6023 Larnaca, Cyprus (serveur situ\u00e9 aux Pays-Bas)<\/span><\/p>\n<p><a class=\"l4l_link\" href=\"https:\/\/www.loop4live.com\/fr\/conditions-generales-de-vente\/\">Conditions g\u00e9n\u00e9rales de vente<\/a><\/p>\n<\/div>\n","protected":false},"excerpt":{"rendered":"<p>Loop4Live, microentreprise au capital de 1000\u20ac. SIREN : 882 769 524 RM35 Si\u00e8ge social : 51 rue des arch\u00e9ologues ; 35410 CHATEAUGIRON Atelier de fabrication : 51 rue des arch\u00e9ologues ; 35410 CHATEAUGIRON Email : contact@loop4live.com H\u00e9bergeur du site : Hostinger International Ltd. 61 Lordou Vironos Street 6023 Larnaca, Cyprus (serveur situ\u00e9 aux Pays-Bas) Conditions [&hellip;]<\/p>\n","protected":false},"author":1,"featured_media":0,"parent":0,"menu_order":0,"comment_status":"closed","ping_status":"closed","template":"","meta":{"ocean_post_layout":"","ocean_both_sidebars_style":"","ocean_both_sidebars_content_width":0,"ocean_both_sidebars_sidebars_width":0,"ocean_sidebar":"","ocean_second_sidebar":"","ocean_disable_margins":"enable","ocean_add_body_class":"","ocean_shortcode_before_top_bar":"","ocean_shortcode_after_top_bar":"","ocean_shortcode_before_header":"","ocean_shortcode_after_header":"","ocean_has_shortcode":"","ocean_shortcode_after_title":"","ocean_shortcode_before_footer_widgets":"","ocean_shortcode_after_footer_widgets":"","ocean_shortcode_before_footer_bottom":"","ocean_shortcode_after_footer_bottom":"","ocean_display_top_bar":"default","ocean_display_header":"default","ocean_header_style":"","ocean_center_header_left_menu":"","ocean_custom_header_template":"","ocean_custom_logo":0,"ocean_custom_retina_logo":0,"ocean_custom_logo_max_width":0,"ocean_custom_logo_tablet_max_width":0,"ocean_custom_logo_mobile_max_width":0,"ocean_custom_logo_max_height":0,"ocean_custom_logo_tablet_max_height":0,"ocean_custom_logo_mobile_max_height":0,"ocean_header_custom_menu":"","ocean_menu_typo_font_family":"","ocean_menu_typo_font_subset":"","ocean_menu_typo_font_size":0,"ocean_menu_typo_font_size_tablet":0,"ocean_menu_typo_font_size_mobile":0,"ocean_menu_typo_font_size_unit":"px","ocean_menu_typo_font_weight":"","ocean_menu_typo_font_weight_tablet":"","ocean_menu_typo_font_weight_mobile":"","ocean_menu_typo_transform":"","ocean_menu_typo_transform_tablet":"","ocean_menu_typo_transform_mobile":"","ocean_menu_typo_line_height":0,"ocean_menu_typo_line_height_tablet":0,"ocean_menu_typo_line_height_mobile":0,"ocean_menu_typo_line_height_unit":"","ocean_menu_typo_spacing":0,"ocean_menu_typo_spacing_tablet":0,"ocean_menu_typo_spacing_mobile":0,"ocean_menu_typo_spacing_unit":"","ocean_menu_link_color":"","ocean_menu_link_color_hover":"","ocean_menu_link_color_active":"","ocean_menu_link_background":"","ocean_menu_link_hover_background":"","ocean_menu_link_active_background":"","ocean_menu_social_links_bg":"","ocean_menu_social_hover_links_bg":"","ocean_menu_social_links_color":"","ocean_menu_social_hover_links_color":"","ocean_disable_title":"default","ocean_disable_heading":"default","ocean_post_title":"","ocean_post_subheading":"","ocean_post_title_style":"","ocean_post_title_background_color":"","ocean_post_title_background":0,"ocean_post_title_bg_image_position":"","ocean_post_title_bg_image_attachment":"","ocean_post_title_bg_image_repeat":"","ocean_post_title_bg_image_size":"","ocean_post_title_height":0,"ocean_post_title_bg_overlay":0.5,"ocean_post_title_bg_overlay_color":"","ocean_disable_breadcrumbs":"default","ocean_breadcrumbs_color":"","ocean_breadcrumbs_separator_color":"","ocean_breadcrumbs_links_color":"","ocean_breadcrumbs_links_hover_color":"","ocean_display_footer_widgets":"default","ocean_display_footer_bottom":"default","ocean_custom_footer_template":"","footnotes":""},"class_list":["post-2757","page","type-page","status-publish","hentry","entry","owp-thumbs-layout-horizontal","owp-btn-normal","owp-tabs-layout-horizontal","has-no-thumbnails","has-product-nav"],"yoast_head":"<!-- This site is optimized with the Yoast SEO plugin v27.3 - https:\/\/yoast.com\/product\/yoast-seo-wordpress\/ -->\n<title>Mentions l\u00e9gales - Loop4Live<\/title>\n<meta name=\"robots\" content=\"noindex, nofollow\" \/>\n<meta property=\"og:locale\" content=\"fr_FR\" \/>\n<meta property=\"og:type\" content=\"article\" \/>\n<meta property=\"og:title\" content=\"Mentions l\u00e9gales - Loop4Live\" \/>\n<meta property=\"og:description\" content=\"Loop4Live, microentreprise au capital de 1000\u20ac. SIREN : 882 769 524 RM35 Si\u00e8ge social : 51 rue des arch\u00e9ologues ; 35410 CHATEAUGIRON Atelier de fabrication : 51 rue des arch\u00e9ologues ; 35410 CHATEAUGIRON Email : contact@loop4live.com H\u00e9bergeur du site : Hostinger International Ltd. 61 Lordou Vironos Street 6023 Larnaca, Cyprus (serveur situ\u00e9 aux Pays-Bas) Conditions [&hellip;]\" \/>\n<meta property=\"og:url\" content=\"https:\/\/www.loop4live.com\/fr\/mentions-legales\/\" \/>\n<meta property=\"og:site_name\" content=\"Loop4Live\" \/>\n<meta property=\"article:publisher\" content=\"https:\/\/www.facebook.com\/Loop4live-101444891316828\" \/>\n<meta property=\"article:modified_time\" content=\"2021-02-14T20:56:13+00:00\" \/>\n<meta name=\"twitter:card\" content=\"summary_large_image\" \/>\n<meta name=\"twitter:label1\" content=\"Dur\u00e9e de lecture estim\u00e9e\" \/>\n\t<meta name=\"twitter:data1\" content=\"1 minute\" \/>\n<script type=\"application\/ld+json\" class=\"yoast-schema-graph\">{\"@context\":\"https:\\\/\\\/schema.org\",\"@graph\":[{\"@type\":\"WebPage\",\"@id\":\"https:\\\/\\\/www.loop4live.com\\\/fr\\\/mentions-legales\\\/\",\"url\":\"https:\\\/\\\/www.loop4live.com\\\/fr\\\/mentions-legales\\\/\",\"name\":\"Mentions l\u00e9gales - Loop4Live\",\"isPartOf\":{\"@id\":\"https:\\\/\\\/www.loop4live.com\\\/fr\\\/#website\"},\"datePublished\":\"2020-03-31T16:02:08+00:00\",\"dateModified\":\"2021-02-14T20:56:13+00:00\",\"breadcrumb\":{\"@id\":\"https:\\\/\\\/www.loop4live.com\\\/fr\\\/mentions-legales\\\/#breadcrumb\"},\"inLanguage\":\"fr-FR\",\"potentialAction\":[{\"@type\":\"ReadAction\",\"target\":[\"https:\\\/\\\/www.loop4live.com\\\/fr\\\/mentions-legales\\\/\"]}]},{\"@type\":\"BreadcrumbList\",\"@id\":\"https:\\\/\\\/www.loop4live.com\\\/fr\\\/mentions-legales\\\/#breadcrumb\",\"itemListElement\":[{\"@type\":\"ListItem\",\"position\":1,\"name\":\"Home\",\"item\":\"https:\\\/\\\/www.loop4live.com\\\/fr\\\/\"},{\"@type\":\"ListItem\",\"position\":2,\"name\":\"Mentions l\u00e9gales\"}]},{\"@type\":\"WebSite\",\"@id\":\"https:\\\/\\\/www.loop4live.com\\\/fr\\\/#website\",\"url\":\"https:\\\/\\\/www.loop4live.com\\\/fr\\\/\",\"name\":\"Loop4Live\",\"description\":\"Ableton Live foot controller\",\"publisher\":{\"@id\":\"https:\\\/\\\/www.loop4live.com\\\/fr\\\/#organization\"},\"potentialAction\":[{\"@type\":\"SearchAction\",\"target\":{\"@type\":\"EntryPoint\",\"urlTemplate\":\"https:\\\/\\\/www.loop4live.com\\\/fr\\\/?s={search_term_string}\"},\"query-input\":{\"@type\":\"PropertyValueSpecification\",\"valueRequired\":true,\"valueName\":\"search_term_string\"}}],\"inLanguage\":\"fr-FR\"},{\"@type\":\"Organization\",\"@id\":\"https:\\\/\\\/www.loop4live.com\\\/fr\\\/#organization\",\"name\":\"Loop4Live\",\"url\":\"https:\\\/\\\/www.loop4live.com\\\/fr\\\/\",\"logo\":{\"@type\":\"ImageObject\",\"inLanguage\":\"fr-FR\",\"@id\":\"https:\\\/\\\/www.loop4live.com\\\/fr\\\/#\\\/schema\\\/logo\\\/image\\\/\",\"url\":\"https:\\\/\\\/www.loop4live.com\\\/wp-content\\\/uploads\\\/2020\\\/04\\\/LOOP4live_logo_1080p.png\",\"contentUrl\":\"https:\\\/\\\/www.loop4live.com\\\/wp-content\\\/uploads\\\/2020\\\/04\\\/LOOP4live_logo_1080p.png\",\"width\":1072,\"height\":419,\"caption\":\"Loop4Live\"},\"image\":{\"@id\":\"https:\\\/\\\/www.loop4live.com\\\/fr\\\/#\\\/schema\\\/logo\\\/image\\\/\"},\"sameAs\":[\"https:\\\/\\\/www.facebook.com\\\/Loop4live-101444891316828\",\"https:\\\/\\\/www.youtube.com\\\/channel\\\/UCyOGPjEe4G_PM1z74w4PSdw\"]}]}<\/script>\n<!-- \/ Yoast SEO plugin. -->","yoast_head_json":{"title":"Mentions l\u00e9gales - Loop4Live","robots":{"index":"noindex","follow":"nofollow"},"og_locale":"fr_FR","og_type":"article","og_title":"Mentions l\u00e9gales - Loop4Live","og_description":"Loop4Live, microentreprise au capital de 1000\u20ac. SIREN : 882 769 524 RM35 Si\u00e8ge social : 51 rue des arch\u00e9ologues ; 35410 CHATEAUGIRON Atelier de fabrication : 51 rue des arch\u00e9ologues ; 35410 CHATEAUGIRON Email : contact@loop4live.com H\u00e9bergeur du site : Hostinger International Ltd. 61 Lordou Vironos Street 6023 Larnaca, Cyprus (serveur situ\u00e9 aux Pays-Bas) Conditions [&hellip;]","og_url":"https:\/\/www.loop4live.com\/fr\/mentions-legales\/","og_site_name":"Loop4Live","article_publisher":"https:\/\/www.facebook.com\/Loop4live-101444891316828","article_modified_time":"2021-02-14T20:56:13+00:00","twitter_card":"summary_large_image","twitter_misc":{"Dur\u00e9e de lecture estim\u00e9e":"1 minute"},"schema":{"@context":"https:\/\/schema.org","@graph":[{"@type":"WebPage","@id":"https:\/\/www.loop4live.com\/fr\/mentions-legales\/","url":"https:\/\/www.loop4live.com\/fr\/mentions-legales\/","name":"Mentions l\u00e9gales - Loop4Live","isPartOf":{"@id":"https:\/\/www.loop4live.com\/fr\/#website"},"datePublished":"2020-03-31T16:02:08+00:00","dateModified":"2021-02-14T20:56:13+00:00","breadcrumb":{"@id":"https:\/\/www.loop4live.com\/fr\/mentions-legales\/#breadcrumb"},"inLanguage":"fr-FR","potentialAction":[{"@type":"ReadAction","target":["https:\/\/www.loop4live.com\/fr\/mentions-legales\/"]}]},{"@type":"BreadcrumbList","@id":"https:\/\/www.loop4live.com\/fr\/mentions-legales\/#breadcrumb","itemListElement":[{"@type":"ListItem","position":1,"name":"Home","item":"https:\/\/www.loop4live.com\/fr\/"},{"@type":"ListItem","position":2,"name":"Mentions l\u00e9gales"}]},{"@type":"WebSite","@id":"https:\/\/www.loop4live.com\/fr\/#website","url":"https:\/\/www.loop4live.com\/fr\/","name":"Loop4Live","description":"Ableton Live foot controller","publisher":{"@id":"https:\/\/www.loop4live.com\/fr\/#organization"},"potentialAction":[{"@type":"SearchAction","target":{"@type":"EntryPoint","urlTemplate":"https:\/\/www.loop4live.com\/fr\/?s={search_term_string}"},"query-input":{"@type":"PropertyValueSpecification","valueRequired":true,"valueName":"search_term_string"}}],"inLanguage":"fr-FR"},{"@type":"Organization","@id":"https:\/\/www.loop4live.com\/fr\/#organization","name":"Loop4Live","url":"https:\/\/www.loop4live.com\/fr\/","logo":{"@type":"ImageObject","inLanguage":"fr-FR","@id":"https:\/\/www.loop4live.com\/fr\/#\/schema\/logo\/image\/","url":"https:\/\/www.loop4live.com\/wp-content\/uploads\/2020\/04\/LOOP4live_logo_1080p.png","contentUrl":"https:\/\/www.loop4live.com\/wp-content\/uploads\/2020\/04\/LOOP4live_logo_1080p.png","width":1072,"height":419,"caption":"Loop4Live"},"image":{"@id":"https:\/\/www.loop4live.com\/fr\/#\/schema\/logo\/image\/"},"sameAs":["https:\/\/www.facebook.com\/Loop4live-101444891316828","https:\/\/www.youtube.com\/channel\/UCyOGPjEe4G_PM1z74w4PSdw"]}]}},"_links":{"self":[{"href":"https:\/\/www.loop4live.com\/fr\/wp-json\/wp\/v2\/pages\/2757","targetHints":{"allow":["GET"]}}],"collection":[{"href":"https:\/\/www.loop4live.com\/fr\/wp-json\/wp\/v2\/pages"}],"about":[{"href":"https:\/\/www.loop4live.com\/fr\/wp-json\/wp\/v2\/types\/page"}],"author":[{"embeddable":true,"href":"https:\/\/www.loop4live.com\/fr\/wp-json\/wp\/v2\/users\/1"}],"replies":[{"embeddable":true,"href":"https:\/\/www.loop4live.com\/fr\/wp-json\/wp\/v2\/comments?post=2757"}],"version-history":[{"count":13,"href":"https:\/\/www.loop4live.com\/fr\/wp-json\/wp\/v2\/pages\/2757\/revisions"}],"predecessor-version":[{"id":4314,"href":"https:\/\/www.loop4live.com\/fr\/wp-json\/wp\/v2\/pages\/2757\/revisions\/4314"}],"wp:attachment":[{"href":"https:\/\/www.loop4live.com\/fr\/wp-json\/wp\/v2\/media?parent=2757"}],"curies":[{"name":"wp","href":"https:\/\/api.w.org\/{rel}","templated":true}]}}