{"id":6747,"date":"2022-11-10T13:39:20","date_gmt":"2022-11-10T12:39:20","guid":{"rendered":"https:\/\/www.loop4live.com\/?page_id=6747"},"modified":"2026-03-10T11:11:09","modified_gmt":"2026-03-10T10:11:09","slug":"ueber-uns","status":"publish","type":"page","link":"https:\/\/www.loop4live.com\/de\/ueber-uns\/","title":{"rendered":"\u00dcber uns"},"content":{"rendered":"<div id=\"pl-6747\"  class=\"panel-layout\" ><div id=\"pg-6747-0\"  class=\"panel-grid panel-has-style\" ><div id=\"l4l_aboutus_row0\" class=\"panel-row-style panel-row-style-for-6747-0\" ><div id=\"pgc-6747-0-0\"  class=\"panel-grid-cell\" ><div id=\"l4l_aboutus_cell0\" class=\"panel-cell-style panel-cell-style-for-6747-0-0\" ><div id=\"panel-6747-0-0-0\" class=\"so-panel widget widget_text panel-first-child panel-last-child\" data-index=\"0\" >\t\t\t<div class=\"textwidget\"><p>Oder sollte ich sagen &#8222;\u00fcber mich&#8220;. Ich bin allein in diesem Abenteuer. Ich bin seit mehr als 20 Jahren Computeringenieur und habe einen Abschluss in Elektronik, aber meine gr\u00f6\u00dfte Leidenschaft ist die Gitarre. Frustriert von den M\u00f6glichkeiten, die Hardware-Looper bieten, beschloss ich, mein eigenes Ger\u00e4t zu entwickeln. Die Software Ableton Live hat mich sehr beeindruckt, da sie die M\u00f6glichkeit bietet, ein mit dem Tempo synchronisiertes Sample zu erstellen. Alles, was noch zu tun war, war, den Vektor zu erstellen, um ihn mit dem Fu\u00df zu steuern: Loop4Live ist geboren!<\/p>\n<p>Ich habe jetzt einen Mega-Looper, auf dem ich meine Loops f\u00fcr Kompositionen speichern kann, alle Backing Tracks, die mein Lehrer zur Verf\u00fcgung stellt, egal ob es sich um Modi oder Songs handelt, an denen wir arbeiten. Au\u00dferdem bin ich Teil eines musikalischen Trios. Ich fand, dass es unseren Liedern manchmal an Tiefe fehlte: Jetzt kann ich leicht einen rhythmischen Kratzer hinzuf\u00fcgen, sogar im Konzert.<\/p>\n<p>Wenn Sie Fragen haben, stehe ich Ihnen gerne zur Verf\u00fcgung unter contact@loop4live.com.<\/p>\n<p>Hier ist meine Gitarreneinstellung und Werkstatt:<\/p>\n<\/div>\n\t\t<\/div><\/div><\/div><\/div><\/div><div id=\"pg-6747-1\"  class=\"panel-grid panel-has-style\" ><div id=\"l4l_aboutus_row1\" class=\"panel-row-style panel-row-style-for-6747-1\" ><div id=\"pgc-6747-1-0\"  class=\"panel-grid-cell\" ><div id=\"l4l_aboutus_cell1_1\" class=\"panel-cell-style panel-cell-style-for-6747-1-0\" ><div id=\"panel-6747-1-0-0\" class=\"so-panel widget widget_media_image panel-first-child panel-last-child\" data-index=\"1\" ><img loading=\"lazy\" decoding=\"async\" width=\"600\" height=\"900\" src=\"https:\/\/www.loop4live.com\/wp-content\/uploads\/2026\/03\/1N2A0263-700x1050.webp\" class=\"image wp-image-9959  attachment-600x900 size-600x900\" alt=\"\" style=\"max-width: 100%; height: auto;\" srcset=\"https:\/\/www.loop4live.com\/wp-content\/uploads\/2026\/03\/1N2A0263-700x1050.webp 700w, https:\/\/www.loop4live.com\/wp-content\/uploads\/2026\/03\/1N2A0263-267x400.webp 267w, https:\/\/www.loop4live.com\/wp-content\/uploads\/2026\/03\/1N2A0263-483x724.webp 483w, https:\/\/www.loop4live.com\/wp-content\/uploads\/2026\/03\/1N2A0263-133x200.webp 133w, https:\/\/www.loop4live.com\/wp-content\/uploads\/2026\/03\/1N2A0263-768x1152.webp 768w, https:\/\/www.loop4live.com\/wp-content\/uploads\/2026\/03\/1N2A0263-1024x1536.webp 1024w, https:\/\/www.loop4live.com\/wp-content\/uploads\/2026\/03\/1N2A0263-1365x2048.webp 1365w, https:\/\/www.loop4live.com\/wp-content\/uploads\/2026\/03\/1N2A0263-16x24.webp 16w, https:\/\/www.loop4live.com\/wp-content\/uploads\/2026\/03\/1N2A0263-24x36.webp 24w, https:\/\/www.loop4live.com\/wp-content\/uploads\/2026\/03\/1N2A0263-32x48.webp 32w, https:\/\/www.loop4live.com\/wp-content\/uploads\/2026\/03\/1N2A0263-scaled.webp 1707w\" sizes=\"auto, (max-width: 600px) 100vw, 600px\" \/><\/div><\/div><\/div><div id=\"pgc-6747-1-1\"  class=\"panel-grid-cell\" ><div id=\"l4l_aboutus_cell1_2\" class=\"panel-cell-style panel-cell-style-for-6747-1-1\" ><div id=\"panel-6747-1-1-0\" class=\"so-panel widget widget_media_image panel-first-child\" data-index=\"2\" ><div id=\"l4l_aboutus_desktop\" class=\"panel-widget-style panel-widget-style-for-6747-1-1-0\" ><img loading=\"lazy\" decoding=\"async\" width=\"600\" height=\"400\" src=\"https:\/\/www.loop4live.com\/wp-content\/uploads\/2026\/03\/1N2A0217-700x467.webp\" class=\"image wp-image-9955  attachment-600x400 size-600x400\" alt=\"\" style=\"max-width: 100%; height: auto;\" srcset=\"https:\/\/www.loop4live.com\/wp-content\/uploads\/2026\/03\/1N2A0217-700x467.webp 700w, https:\/\/www.loop4live.com\/wp-content\/uploads\/2026\/03\/1N2A0217-512x341.webp 512w, https:\/\/www.loop4live.com\/wp-content\/uploads\/2026\/03\/1N2A0217-1024x683.webp 1024w, https:\/\/www.loop4live.com\/wp-content\/uploads\/2026\/03\/1N2A0217-300x200.webp 300w, https:\/\/www.loop4live.com\/wp-content\/uploads\/2026\/03\/1N2A0217-768x512.webp 768w, https:\/\/www.loop4live.com\/wp-content\/uploads\/2026\/03\/1N2A0217-1536x1024.webp 1536w, https:\/\/www.loop4live.com\/wp-content\/uploads\/2026\/03\/1N2A0217-24x16.webp 24w, https:\/\/www.loop4live.com\/wp-content\/uploads\/2026\/03\/1N2A0217-36x24.webp 36w, https:\/\/www.loop4live.com\/wp-content\/uploads\/2026\/03\/1N2A0217-48x32.webp 48w, https:\/\/www.loop4live.com\/wp-content\/uploads\/2026\/03\/1N2A0217-272x182.webp 272w, https:\/\/www.loop4live.com\/wp-content\/uploads\/2026\/03\/1N2A0217-720x480.webp 720w, https:\/\/www.loop4live.com\/wp-content\/uploads\/2026\/03\/1N2A0217.webp 1920w\" sizes=\"auto, (max-width: 600px) 100vw, 600px\" \/><\/div><\/div><div id=\"panel-6747-1-1-1\" class=\"so-panel widget widget_media_image panel-last-child\" data-index=\"3\" ><img loading=\"lazy\" decoding=\"async\" width=\"600\" height=\"450\" src=\"https:\/\/www.loop4live.com\/wp-content\/uploads\/2023\/02\/187852830_372633494197965_3789128213749004756_n-650x488.jpg\" class=\"image wp-image-7395  attachment-600x450 size-600x450\" alt=\"\" style=\"max-width: 100%; height: auto;\" srcset=\"https:\/\/www.loop4live.com\/wp-content\/uploads\/2023\/02\/187852830_372633494197965_3789128213749004756_n-650x488.jpg 650w, https:\/\/www.loop4live.com\/wp-content\/uploads\/2023\/02\/187852830_372633494197965_3789128213749004756_n-700x525.jpg 700w, https:\/\/www.loop4live.com\/wp-content\/uploads\/2023\/02\/187852830_372633494197965_3789128213749004756_n-512x384.jpg 512w, https:\/\/www.loop4live.com\/wp-content\/uploads\/2023\/02\/187852830_372633494197965_3789128213749004756_n-965x724.jpg 965w, https:\/\/www.loop4live.com\/wp-content\/uploads\/2023\/02\/187852830_372633494197965_3789128213749004756_n-267x200.jpg 267w, https:\/\/www.loop4live.com\/wp-content\/uploads\/2023\/02\/187852830_372633494197965_3789128213749004756_n-768x576.jpg 768w, https:\/\/www.loop4live.com\/wp-content\/uploads\/2023\/02\/187852830_372633494197965_3789128213749004756_n-24x18.jpg 24w, https:\/\/www.loop4live.com\/wp-content\/uploads\/2023\/02\/187852830_372633494197965_3789128213749004756_n-36x27.jpg 36w, https:\/\/www.loop4live.com\/wp-content\/uploads\/2023\/02\/187852830_372633494197965_3789128213749004756_n-48x36.jpg 48w, https:\/\/www.loop4live.com\/wp-content\/uploads\/2023\/02\/187852830_372633494197965_3789128213749004756_n.jpg 1440w\" sizes=\"auto, (max-width: 600px) 100vw, 600px\" \/><\/div><\/div><\/div><\/div><\/div><div id=\"pg-6747-2\"  class=\"panel-grid panel-has-style\" ><div id=\"l4l_aboutus_row2\" class=\"panel-row-style panel-row-style-for-6747-2\" ><div id=\"pgc-6747-2-0\"  class=\"panel-grid-cell\" ><div id=\"panel-6747-2-0-0\" class=\"so-panel widget widget_text panel-first-child panel-last-child\" data-index=\"4\" >\t\t\t<div class=\"textwidget\"><p>Ich hoffe, Sie finden bei Loop4Live alles, was Sie brauchen!<\/p>\n<\/div>\n\t\t<\/div><\/div><\/div><\/div><div id=\"pg-6747-3\"  class=\"panel-grid panel-no-style\" ><div id=\"pgc-6747-3-0\"  class=\"panel-grid-cell\" ><div id=\"panel-6747-3-0-0\" class=\"so-panel widget widget_text panel-first-child\" data-index=\"5\" >\t\t\t<div class=\"textwidget\"><div id=\"l4l_aboutus_curieux\">\n<p>\nF\u00fcr Neugierige sehen Sie hier das Innere des Pedalboards (Hauptplatine des Pedalboards ohne Bildschirm). Die elektronischen Bauteile werden in der Fabrik zusammengebaut. Ich k\u00fcmmere mich dann um das Hinzuf\u00fcgen der Schalter, des Bildschirms, der Drehregler und der Klinkenbuchsen.\n<\/p>\n<\/div>\n<\/div>\n\t\t<\/div><div id=\"panel-6747-3-0-1\" class=\"so-panel widget widget_sow-image panel-last-child\" data-index=\"6\" ><div\n\t\t\t\n\t\t\tclass=\"so-widget-sow-image so-widget-sow-image-default-c67d20f9f743-6747\"\n\t\t\t\n\t\t>\n<div class=\"sow-image-container\">\n\t\t<img \n\tsrc=\"https:\/\/www.loop4live.com\/wp-content\/uploads\/2024\/10\/IMG_20241030_134100-1536x559.jpg\" width=\"1536\" height=\"559\" srcset=\"https:\/\/www.loop4live.com\/wp-content\/uploads\/2024\/10\/IMG_20241030_134100-1536x559.jpg 1536w, https:\/\/www.loop4live.com\/wp-content\/uploads\/2024\/10\/IMG_20241030_134100-scaled-700x255.jpg 700w, https:\/\/www.loop4live.com\/wp-content\/uploads\/2024\/10\/IMG_20241030_134100-512x186.jpg 512w, https:\/\/www.loop4live.com\/wp-content\/uploads\/2024\/10\/IMG_20241030_134100-1024x373.jpg 1024w, https:\/\/www.loop4live.com\/wp-content\/uploads\/2024\/10\/IMG_20241030_134100-300x109.jpg 300w, https:\/\/www.loop4live.com\/wp-content\/uploads\/2024\/10\/IMG_20241030_134100-768x280.jpg 768w, https:\/\/www.loop4live.com\/wp-content\/uploads\/2024\/10\/IMG_20241030_134100-2048x745.jpg 2048w, https:\/\/www.loop4live.com\/wp-content\/uploads\/2024\/10\/IMG_20241030_134100-24x9.jpg 24w, https:\/\/www.loop4live.com\/wp-content\/uploads\/2024\/10\/IMG_20241030_134100-36x13.jpg 36w, https:\/\/www.loop4live.com\/wp-content\/uploads\/2024\/10\/IMG_20241030_134100-48x17.jpg 48w\" sizes=\"(max-width: 1536px) 100vw, 1536px\" title=\"IMG_20241030_134100\" alt=\"\" \t\tclass=\"so-widget-image\"\/>\n\t<\/div>\n\n<\/div><\/div><\/div><\/div><\/div>","protected":false},"excerpt":{"rendered":"<p>Oder sollte ich sagen &#8222;\u00fcber mich&#8220;. Ich bin allein in diesem Abenteuer. Ich bin seit mehr als 20 Jahren Computeringenieur und habe einen Abschluss in Elektronik, aber meine gr\u00f6\u00dfte Leidenschaft ist die Gitarre. Frustriert von den M\u00f6glichkeiten, die Hardware-Looper bieten, beschloss ich, mein eigenes Ger\u00e4t zu entwickeln. Die Software Ableton Live hat mich sehr beeindruckt, [&hellip;]<\/p>\n","protected":false},"author":1,"featured_media":0,"parent":0,"menu_order":0,"comment_status":"closed","ping_status":"closed","template":"","meta":{"ocean_post_layout":"","ocean_both_sidebars_style":"","ocean_both_sidebars_content_width":0,"ocean_both_sidebars_sidebars_width":0,"ocean_sidebar":"0","ocean_second_sidebar":"0","ocean_disable_margins":"enable","ocean_add_body_class":"","ocean_shortcode_before_top_bar":"","ocean_shortcode_after_top_bar":"","ocean_shortcode_before_header":"","ocean_shortcode_after_header":"","ocean_has_shortcode":"","ocean_shortcode_after_title":"","ocean_shortcode_before_footer_widgets":"","ocean_shortcode_after_footer_widgets":"","ocean_shortcode_before_footer_bottom":"","ocean_shortcode_after_footer_bottom":"","ocean_display_top_bar":"default","ocean_display_header":"default","ocean_header_style":"","ocean_center_header_left_menu":"0","ocean_custom_header_template":"0","ocean_custom_logo":0,"ocean_custom_retina_logo":0,"ocean_custom_logo_max_width":0,"ocean_custom_logo_tablet_max_width":0,"ocean_custom_logo_mobile_max_width":0,"ocean_custom_logo_max_height":0,"ocean_custom_logo_tablet_max_height":0,"ocean_custom_logo_mobile_max_height":0,"ocean_header_custom_menu":"0","ocean_menu_typo_font_family":"0","ocean_menu_typo_font_subset":"","ocean_menu_typo_font_size":0,"ocean_menu_typo_font_size_tablet":0,"ocean_menu_typo_font_size_mobile":0,"ocean_menu_typo_font_size_unit":"px","ocean_menu_typo_font_weight":"","ocean_menu_typo_font_weight_tablet":"","ocean_menu_typo_font_weight_mobile":"","ocean_menu_typo_transform":"","ocean_menu_typo_transform_tablet":"","ocean_menu_typo_transform_mobile":"","ocean_menu_typo_line_height":0,"ocean_menu_typo_line_height_tablet":0,"ocean_menu_typo_line_height_mobile":0,"ocean_menu_typo_line_height_unit":"","ocean_menu_typo_spacing":0,"ocean_menu_typo_spacing_tablet":0,"ocean_menu_typo_spacing_mobile":0,"ocean_menu_typo_spacing_unit":"","ocean_menu_link_color":"","ocean_menu_link_color_hover":"","ocean_menu_link_color_active":"","ocean_menu_link_background":"","ocean_menu_link_hover_background":"","ocean_menu_link_active_background":"","ocean_menu_social_links_bg":"","ocean_menu_social_hover_links_bg":"","ocean_menu_social_links_color":"","ocean_menu_social_hover_links_color":"","ocean_disable_title":"default","ocean_disable_heading":"default","ocean_post_title":"","ocean_post_subheading":"","ocean_post_title_style":"","ocean_post_title_background_color":"","ocean_post_title_background":0,"ocean_post_title_bg_image_position":"","ocean_post_title_bg_image_attachment":"","ocean_post_title_bg_image_repeat":"","ocean_post_title_bg_image_size":"","ocean_post_title_height":0,"ocean_post_title_bg_overlay":0.5,"ocean_post_title_bg_overlay_color":"","ocean_disable_breadcrumbs":"default","ocean_breadcrumbs_color":"","ocean_breadcrumbs_separator_color":"","ocean_breadcrumbs_links_color":"","ocean_breadcrumbs_links_hover_color":"","ocean_display_footer_widgets":"default","ocean_display_footer_bottom":"default","ocean_custom_footer_template":"0","footnotes":""},"class_list":["post-6747","page","type-page","status-publish","hentry","entry","owp-thumbs-layout-horizontal","owp-btn-normal","owp-tabs-layout-horizontal","has-no-thumbnails","has-product-nav"],"yoast_head":"<!-- This site is optimized with the Yoast SEO plugin v27.3 - https:\/\/yoast.com\/product\/yoast-seo-wordpress\/ -->\n<title>\u00dcber uns - Loop4Live<\/title>\n<meta name=\"robots\" content=\"noindex, nofollow\" \/>\n<meta property=\"og:locale\" content=\"de_DE\" \/>\n<meta property=\"og:type\" content=\"article\" \/>\n<meta property=\"og:title\" content=\"\u00dcber uns - Loop4Live\" \/>\n<meta property=\"og:description\" content=\"Oder sollte ich sagen &quot;\u00fcber mich&quot;. Ich bin allein in diesem Abenteuer. Ich bin seit mehr als 20 Jahren Computeringenieur und habe einen Abschluss in Elektronik, aber meine gr\u00f6\u00dfte Leidenschaft ist die Gitarre. Frustriert von den M\u00f6glichkeiten, die Hardware-Looper bieten, beschloss ich, mein eigenes Ger\u00e4t zu entwickeln. Die Software Ableton Live hat mich sehr beeindruckt, [&hellip;]\" \/>\n<meta property=\"og:url\" content=\"https:\/\/www.loop4live.com\/de\/ueber-uns\/\" \/>\n<meta property=\"og:site_name\" content=\"Loop4Live\" \/>\n<meta property=\"article:publisher\" content=\"https:\/\/www.facebook.com\/Loop4live-101444891316828\" \/>\n<meta property=\"article:modified_time\" content=\"2026-03-10T10:11:09+00:00\" \/>\n<meta name=\"twitter:card\" content=\"summary_large_image\" \/>\n<meta name=\"twitter:label1\" content=\"Gesch\u00e4tzte Lesezeit\" \/>\n\t<meta name=\"twitter:data1\" content=\"2\u00a0Minuten\" \/>\n<script type=\"application\/ld+json\" class=\"yoast-schema-graph\">{\"@context\":\"https:\\\/\\\/schema.org\",\"@graph\":[{\"@type\":\"WebPage\",\"@id\":\"https:\\\/\\\/www.loop4live.com\\\/de\\\/ueber-uns\\\/\",\"url\":\"https:\\\/\\\/www.loop4live.com\\\/de\\\/ueber-uns\\\/\",\"name\":\"\u00dcber uns - Loop4Live\",\"isPartOf\":{\"@id\":\"https:\\\/\\\/www.loop4live.com\\\/de\\\/#website\"},\"datePublished\":\"2022-11-10T12:39:20+00:00\",\"dateModified\":\"2026-03-10T10:11:09+00:00\",\"breadcrumb\":{\"@id\":\"https:\\\/\\\/www.loop4live.com\\\/de\\\/ueber-uns\\\/#breadcrumb\"},\"inLanguage\":\"de\",\"potentialAction\":[{\"@type\":\"ReadAction\",\"target\":[\"https:\\\/\\\/www.loop4live.com\\\/de\\\/ueber-uns\\\/\"]}]},{\"@type\":\"BreadcrumbList\",\"@id\":\"https:\\\/\\\/www.loop4live.com\\\/de\\\/ueber-uns\\\/#breadcrumb\",\"itemListElement\":[{\"@type\":\"ListItem\",\"position\":1,\"name\":\"Home\",\"item\":\"https:\\\/\\\/www.loop4live.com\\\/de\\\/\"},{\"@type\":\"ListItem\",\"position\":2,\"name\":\"\u00dcber uns\"}]},{\"@type\":\"WebSite\",\"@id\":\"https:\\\/\\\/www.loop4live.com\\\/de\\\/#website\",\"url\":\"https:\\\/\\\/www.loop4live.com\\\/de\\\/\",\"name\":\"Loop4Live\",\"description\":\"Ableton Live foot controller\",\"publisher\":{\"@id\":\"https:\\\/\\\/www.loop4live.com\\\/de\\\/#organization\"},\"potentialAction\":[{\"@type\":\"SearchAction\",\"target\":{\"@type\":\"EntryPoint\",\"urlTemplate\":\"https:\\\/\\\/www.loop4live.com\\\/de\\\/?s={search_term_string}\"},\"query-input\":{\"@type\":\"PropertyValueSpecification\",\"valueRequired\":true,\"valueName\":\"search_term_string\"}}],\"inLanguage\":\"de\"},{\"@type\":\"Organization\",\"@id\":\"https:\\\/\\\/www.loop4live.com\\\/de\\\/#organization\",\"name\":\"Loop4Live\",\"url\":\"https:\\\/\\\/www.loop4live.com\\\/de\\\/\",\"logo\":{\"@type\":\"ImageObject\",\"inLanguage\":\"de\",\"@id\":\"https:\\\/\\\/www.loop4live.com\\\/de\\\/#\\\/schema\\\/logo\\\/image\\\/\",\"url\":\"https:\\\/\\\/www.loop4live.com\\\/wp-content\\\/uploads\\\/2020\\\/04\\\/LOOP4live_logo_1080p.png\",\"contentUrl\":\"https:\\\/\\\/www.loop4live.com\\\/wp-content\\\/uploads\\\/2020\\\/04\\\/LOOP4live_logo_1080p.png\",\"width\":1072,\"height\":419,\"caption\":\"Loop4Live\"},\"image\":{\"@id\":\"https:\\\/\\\/www.loop4live.com\\\/de\\\/#\\\/schema\\\/logo\\\/image\\\/\"},\"sameAs\":[\"https:\\\/\\\/www.facebook.com\\\/Loop4live-101444891316828\",\"https:\\\/\\\/www.youtube.com\\\/channel\\\/UCyOGPjEe4G_PM1z74w4PSdw\"]}]}<\/script>\n<!-- \/ Yoast SEO plugin. -->","yoast_head_json":{"title":"\u00dcber uns - Loop4Live","robots":{"index":"noindex","follow":"nofollow"},"og_locale":"de_DE","og_type":"article","og_title":"\u00dcber uns - Loop4Live","og_description":"Oder sollte ich sagen \"\u00fcber mich\". Ich bin allein in diesem Abenteuer. Ich bin seit mehr als 20 Jahren Computeringenieur und habe einen Abschluss in Elektronik, aber meine gr\u00f6\u00dfte Leidenschaft ist die Gitarre. Frustriert von den M\u00f6glichkeiten, die Hardware-Looper bieten, beschloss ich, mein eigenes Ger\u00e4t zu entwickeln. Die Software Ableton Live hat mich sehr beeindruckt, [&hellip;]","og_url":"https:\/\/www.loop4live.com\/de\/ueber-uns\/","og_site_name":"Loop4Live","article_publisher":"https:\/\/www.facebook.com\/Loop4live-101444891316828","article_modified_time":"2026-03-10T10:11:09+00:00","twitter_card":"summary_large_image","twitter_misc":{"Gesch\u00e4tzte Lesezeit":"2\u00a0Minuten"},"schema":{"@context":"https:\/\/schema.org","@graph":[{"@type":"WebPage","@id":"https:\/\/www.loop4live.com\/de\/ueber-uns\/","url":"https:\/\/www.loop4live.com\/de\/ueber-uns\/","name":"\u00dcber uns - Loop4Live","isPartOf":{"@id":"https:\/\/www.loop4live.com\/de\/#website"},"datePublished":"2022-11-10T12:39:20+00:00","dateModified":"2026-03-10T10:11:09+00:00","breadcrumb":{"@id":"https:\/\/www.loop4live.com\/de\/ueber-uns\/#breadcrumb"},"inLanguage":"de","potentialAction":[{"@type":"ReadAction","target":["https:\/\/www.loop4live.com\/de\/ueber-uns\/"]}]},{"@type":"BreadcrumbList","@id":"https:\/\/www.loop4live.com\/de\/ueber-uns\/#breadcrumb","itemListElement":[{"@type":"ListItem","position":1,"name":"Home","item":"https:\/\/www.loop4live.com\/de\/"},{"@type":"ListItem","position":2,"name":"\u00dcber uns"}]},{"@type":"WebSite","@id":"https:\/\/www.loop4live.com\/de\/#website","url":"https:\/\/www.loop4live.com\/de\/","name":"Loop4Live","description":"Ableton Live foot controller","publisher":{"@id":"https:\/\/www.loop4live.com\/de\/#organization"},"potentialAction":[{"@type":"SearchAction","target":{"@type":"EntryPoint","urlTemplate":"https:\/\/www.loop4live.com\/de\/?s={search_term_string}"},"query-input":{"@type":"PropertyValueSpecification","valueRequired":true,"valueName":"search_term_string"}}],"inLanguage":"de"},{"@type":"Organization","@id":"https:\/\/www.loop4live.com\/de\/#organization","name":"Loop4Live","url":"https:\/\/www.loop4live.com\/de\/","logo":{"@type":"ImageObject","inLanguage":"de","@id":"https:\/\/www.loop4live.com\/de\/#\/schema\/logo\/image\/","url":"https:\/\/www.loop4live.com\/wp-content\/uploads\/2020\/04\/LOOP4live_logo_1080p.png","contentUrl":"https:\/\/www.loop4live.com\/wp-content\/uploads\/2020\/04\/LOOP4live_logo_1080p.png","width":1072,"height":419,"caption":"Loop4Live"},"image":{"@id":"https:\/\/www.loop4live.com\/de\/#\/schema\/logo\/image\/"},"sameAs":["https:\/\/www.facebook.com\/Loop4live-101444891316828","https:\/\/www.youtube.com\/channel\/UCyOGPjEe4G_PM1z74w4PSdw"]}]}},"_links":{"self":[{"href":"https:\/\/www.loop4live.com\/de\/wp-json\/wp\/v2\/pages\/6747","targetHints":{"allow":["GET"]}}],"collection":[{"href":"https:\/\/www.loop4live.com\/de\/wp-json\/wp\/v2\/pages"}],"about":[{"href":"https:\/\/www.loop4live.com\/de\/wp-json\/wp\/v2\/types\/page"}],"author":[{"embeddable":true,"href":"https:\/\/www.loop4live.com\/de\/wp-json\/wp\/v2\/users\/1"}],"replies":[{"embeddable":true,"href":"https:\/\/www.loop4live.com\/de\/wp-json\/wp\/v2\/comments?post=6747"}],"version-history":[{"count":10,"href":"https:\/\/www.loop4live.com\/de\/wp-json\/wp\/v2\/pages\/6747\/revisions"}],"predecessor-version":[{"id":9977,"href":"https:\/\/www.loop4live.com\/de\/wp-json\/wp\/v2\/pages\/6747\/revisions\/9977"}],"wp:attachment":[{"href":"https:\/\/www.loop4live.com\/de\/wp-json\/wp\/v2\/media?parent=6747"}],"curies":[{"name":"wp","href":"https:\/\/api.w.org\/{rel}","templated":true}]}}